{"id":45,"date":"2024-04-10T09:17:04","date_gmt":"2024-04-10T09:17:04","guid":{"rendered":"https:\/\/karin-gossner.de\/?page_id=45"},"modified":"2026-04-21T07:44:18","modified_gmt":"2026-04-21T07:44:18","slug":"strahlenschutz","status":"publish","type":"page","link":"https:\/\/karin-gossner.de\/?page_id=45","title":{"rendered":"Energetische Behandlungen"},"content":{"rendered":"<p>&nbsp;<\/p>\n<h1 style=\"text-align: left;\" data-start=\"120\" data-end=\"182\"><span style=\"font-family: 'comic sans ms', sans-serif; font-size: 24pt; color: #669570;\">Spirituelle Heilerausbildung &amp; ganzheitliche Energiearbeit<\/span><\/h1>\n<p style=\"text-align: left;\" data-start=\"184\" data-end=\"472\"><span style=\"font-family: 'comic sans ms', sans-serif; font-size: 14pt; color: #6a965d;\">In unserer zweij\u00e4hrigen Heilerausbildung haben wir bereits vielf\u00e4ltige spirituelle Techniken erlernt und F\u00e4higkeiten entfaltet, die sich durch die Begleitung der Geistigen Welt weiter vertieft haben. Unsere Arbeit verbindet mediale Wahrnehmung, Bewusstseinsarbeit und feinstoffliche Heilmethoden.<\/span><\/p>\n<p style=\"text-align: left;\" data-start=\"474\" data-end=\"687\"><span style=\"font-family: 'comic sans ms', sans-serif; font-size: 14pt; color: #6a965d;\">Wir arbeiten unterst\u00fctzend mit hohen lichtvollen Energien, darunter die Seraphim-Engel <strong data-start=\"561\" data-end=\"627\">Michael, Raphael und Gabriel<\/strong>, sowie mit der Weisheit spiritueller Lehrer wie z.B. <strong data-start=\"676\" data-end=\"686\">Buddha<\/strong>.<\/span><\/p>\n<p style=\"text-align: left;\" data-start=\"689\" data-end=\"914\"><span style=\"font-family: 'comic sans ms', sans-serif; font-size: 14pt; color: #6a965d;\">Die angewendeten Methoden dienen der <strong data-start=\"726\" data-end=\"772\">Harmonisierung von K\u00f6rper, Geist und Seele<\/strong> und unterst\u00fctzen die nat\u00fcrlichen Selbstheilungskr\u00e4fte. Jede Sitzung wird individuell gef\u00fchrt und auf die aktuelle Lebenssituation abgestimmt.<\/span><\/p>\n<p style=\"text-align: left;\" data-start=\"916\" data-end=\"982\"><span style=\"font-family: 'comic sans ms', sans-serif; font-size: 14pt; color: #6a965d;\"><strong data-start=\"916\" data-end=\"939\">Besondere Techniken<\/strong> aus der Ausbildung umfassen unter anderem:<\/span><\/p>\n<ul style=\"text-align: left;\" data-start=\"983\" data-end=\"1235\">\n<li data-start=\"983\" data-end=\"1078\">\n<p data-start=\"985\" data-end=\"1078\"><span style=\"font-family: 'comic sans ms', sans-serif; font-size: 14pt; color: #6a965d;\">feinstoffliche Arbeit \u00fcber die <strong data-start=\"1016\" data-end=\"1037\">Medulla Oblongata<\/strong> zur Wahrnehmung anderer Inkarnationen<\/span><\/p>\n<\/li>\n<li data-start=\"1079\" data-end=\"1123\">\n<p data-start=\"1081\" data-end=\"1123\"><span style=\"font-family: 'comic sans ms', sans-serif; font-size: 14pt; color: #6a965d;\"><strong data-start=\"1081\" data-end=\"1121\">Channeling von feinstofflichen Wesen<\/strong><\/span><\/p>\n<\/li>\n<li data-start=\"1124\" data-end=\"1235\">\n<p data-start=\"1126\" data-end=\"1235\"><span style=\"font-family: 'comic sans ms', sans-serif; font-size: 14pt; color: #6a965d;\">Technik zur <strong data-start=\"2773\" data-end=\"2821\">Geburt auf die Erde \u00fcber den Seraphim-Strahl<\/strong>, durch die u. a. der pers\u00f6nliche Geburtsengel erkannt werden kann<br \/>\n<\/span><\/p>\n<\/li>\n<li data-start=\"1124\" data-end=\"1235\">\n<p data-start=\"1126\" data-end=\"1235\"><span style=\"font-family: 'comic sans ms', sans-serif; font-size: 14pt; color: #6a965d;\">Akasha-Chronik lesen<\/span><\/p>\n<\/li>\n<li data-start=\"1124\" data-end=\"1235\"><span style=\"font-family: 'comic sans ms', sans-serif; font-size: 14pt; color: #6a965d;\">Entfernung von Symbolen, Einweihungen und Gel\u00fcbden<\/span><\/li>\n<\/ul>\n<p style=\"text-align: left;\" data-start=\"1237\" data-end=\"1415\"><span style=\"font-family: 'comic sans ms', sans-serif; font-size: 14pt; color: #6a965d;\">Die M\u00f6glichkeiten der Begleitung sind so vielf\u00e4ltig wie die Themen, die Menschen mitbringen \u2013 Ziel ist stets mehr innere Balance, Klarheit und Verbindung zur eigenen Seelenkraft.<\/span><\/p>\n<p data-start=\"1237\" data-end=\"1415\"><span style=\"font-family: 'comic sans ms', sans-serif; font-size: 14pt; color: #6a965d;\">Wenn &#8222;es&#8220; dich ruft, oder du dich berufen f\u00fchlst, anderen Wesen zu mehr Wohlbefinden verhelfen zu wollen, dann frag mich. Jeder kann Heiler sein oder werden.<\/span><\/p>\n<p class=\"has-text-align-center\"><span style=\"font-family: 'comic sans ms', sans-serif; font-size: 14pt; color: #6a965d;\"><strong>Klientenhinweise<\/strong><\/span><\/p>\n<p class=\"has-text-align-center\"><span style=\"font-family: 'comic sans ms', sans-serif; font-size: 14pt; color: #6a965d;\">Die gesetzlichen Bestimmungen verpflichten mich dazu, Sie darauf hinzuweisen, dass die Behandlung durch Geistheilung zwar Ihre k\u00f6rpereigenen Selbstheilungskr\u00e4fte unterst\u00fctzt, aber weder die Diagnose noch die Behandlung durch einen Arzt, Heilpraktiker oder Psychotherapeuten ersetzt!<\/span><\/p>\n<p><iframe loading=\"lazy\" style=\"border: 0;\" src=\"https:\/\/www.google.com\/maps\/embed?pb=!1m18!1m12!1m3!1d2574.5894123764106!2d6.680235376888409!3d49.81258633308533!2m3!1f0!2f0!3f0!3m2!1i1024!2i768!4f13.1!3m3!1m2!1s0x47957d8d29d71ba9%3A0xfabef66a12a81d7d!2sPraxis%20f%C3%BCr%20Geistiges%20Heilen%20-%20Karin%20Gossner!5e0!3m2!1sde!2sde!4v1711550706675!5m2!1sde!2sde\" width=\"100%\" height=\"250\" allowfullscreen=\"allowfullscreen\" data-mce-fragment=\"1\"><span data-mce-type=\"bookmark\" style=\"display: inline-block; width: 0px; overflow: hidden; line-height: 0;\" class=\"mce_SELRES_start\">\ufeff<\/span><\/iframe><\/p>\n<p><img loading=\"lazy\" decoding=\"async\" class=\"alignnone wp-image-146 size-full\" src=\"http:\/\/karin-gossner.de\/wp-content\/uploads\/2025\/06\/hintergrund-unten-neu.png\" alt=\"\" width=\"1260\" height=\"280\" srcset=\"https:\/\/karin-gossner.de\/wp-content\/uploads\/2025\/06\/hintergrund-unten-neu.png 1260w, https:\/\/karin-gossner.de\/wp-content\/uploads\/2025\/06\/hintergrund-unten-neu-300x67.png 300w, https:\/\/karin-gossner.de\/wp-content\/uploads\/2025\/06\/hintergrund-unten-neu-700x156.png 700w, https:\/\/karin-gossner.de\/wp-content\/uploads\/2025\/06\/hintergrund-unten-neu-768x171.png 768w, https:\/\/karin-gossner.de\/wp-content\/uploads\/2025\/06\/hintergrund-unten-neu-800x178.png 800w\" sizes=\"auto, (max-width: 1260px) 100vw, 1260px\" \/><\/p>\n","protected":false},"excerpt":{"rendered":"<p>&nbsp; Spirituelle Heilerausbildung &amp; ganzheitliche Energiearbeit In unserer zweij\u00e4hrigen Heilerausbildung haben wir bereits vielf\u00e4ltige spirituelle Techniken erlernt und F\u00e4higkeiten entfaltet, die sich durch die Begleitung der Geistigen Welt weiter vertieft haben. Unsere Arbeit verbindet mediale Wahrnehmung, Bewusstseinsarbeit und feinstoffliche Heilmethoden. Wir arbeiten unterst\u00fctzend mit hohen lichtvollen Energien, darunter die Seraphim-Engel Michael, Raphael und Gabriel, sowie&#8230;<\/p>\n","protected":false},"author":1,"featured_media":0,"parent":0,"menu_order":0,"comment_status":"closed","ping_status":"closed","template":"fullwidth.php","meta":{"footnotes":""},"class_list":["post-45","page","type-page","status-publish","hentry"],"aioseo_notices":[],"_links":{"self":[{"href":"https:\/\/karin-gossner.de\/index.php?rest_route=\/wp\/v2\/pages\/45","targetHints":{"allow":["GET"]}}],"collection":[{"href":"https:\/\/karin-gossner.de\/index.php?rest_route=\/wp\/v2\/pages"}],"about":[{"href":"https:\/\/karin-gossner.de\/index.php?rest_route=\/wp\/v2\/types\/page"}],"author":[{"embeddable":true,"href":"https:\/\/karin-gossner.de\/index.php?rest_route=\/wp\/v2\/users\/1"}],"replies":[{"embeddable":true,"href":"https:\/\/karin-gossner.de\/index.php?rest_route=%2Fwp%2Fv2%2Fcomments&post=45"}],"version-history":[{"count":15,"href":"https:\/\/karin-gossner.de\/index.php?rest_route=\/wp\/v2\/pages\/45\/revisions"}],"predecessor-version":[{"id":228,"href":"https:\/\/karin-gossner.de\/index.php?rest_route=\/wp\/v2\/pages\/45\/revisions\/228"}],"wp:attachment":[{"href":"https:\/\/karin-gossner.de\/index.php?rest_route=%2Fwp%2Fv2%2Fmedia&parent=45"}],"curies":[{"name":"wp","href":"https:\/\/api.w.org\/{rel}","templated":true}]}}